{"id":1193,"date":"2022-02-10T11:46:55","date_gmt":"2022-02-10T11:46:55","guid":{"rendered":"https:\/\/apartamentos-centro.com\/?page_id=1193"},"modified":"2022-02-15T14:39:28","modified_gmt":"2022-02-15T14:39:28","slug":"popup-web","status":"publish","type":"page","link":"https:\/\/apartamentos-centro.com\/en\/popup-web\/","title":{"rendered":"Popup web"},"content":{"rendered":"\t\t<div data-elementor-type=\"wp-page\" data-elementor-id=\"1193\" class=\"elementor elementor-1193\" data-elementor-post-type=\"page\">\n\t\t\t\t\t\t<section class=\"elementor-section elementor-top-section elementor-element elementor-element-84ba60e elementor-section-height-min-height elementor-section-full_width elementor-section-height-default elementor-section-items-middle\" data-id=\"84ba60e\" data-element_type=\"section\" data-e-type=\"section\">\n\t\t\t\t\t\t<div class=\"elementor-container elementor-column-gap-default\">\n\t\t\t\t\t<div class=\"elementor-column elementor-col-100 elementor-top-column elementor-element elementor-element-31207ea\" data-id=\"31207ea\" data-element_type=\"column\" data-e-type=\"column\">\n\t\t\t<div class=\"elementor-widget-wrap elementor-element-populated\">\n\t\t\t\t\t\t<section class=\"elementor-section elementor-inner-section elementor-element elementor-element-6496aab elementor-section-full_width elementor-section-height-default elementor-section-height-default\" data-id=\"6496aab\" data-element_type=\"section\" data-e-type=\"section\">\n\t\t\t\t\t\t<div class=\"elementor-container elementor-column-gap-default\">\n\t\t\t\t\t<div class=\"elementor-column elementor-col-33 elementor-inner-column elementor-element elementor-element-a363f10\" data-id=\"a363f10\" data-element_type=\"column\" data-e-type=\"column\">\n\t\t\t<div class=\"elementor-widget-wrap elementor-element-populated\">\n\t\t\t\t\t\t<div class=\"elementor-element elementor-element-2540474 elementor-widget elementor-widget-image\" data-id=\"2540474\" data-element_type=\"widget\" data-e-type=\"widget\" data-widget_type=\"image.default\">\n\t\t\t\t<div class=\"elementor-widget-container\">\n\t\t\t\t\t\t\t\t\t\t\t\t\t\t\t<img decoding=\"async\" width=\"396\" height=\"100\" src=\"https:\/\/apartamentos-centro.com\/en\/wp-content\/uploads\/sites\/2\/Avirato_logotipo_negro_400x100.png\" class=\"attachment-large size-large wp-image-556\" alt=\"Avirato logotipo negro 400x100\" srcset=\"https:\/\/apartamentos-centro.com\/en\/wp-content\/uploads\/sites\/2\/Avirato_logotipo_negro_400x100.png 396w, https:\/\/apartamentos-centro.com\/en\/wp-content\/uploads\/sites\/2\/Avirato_logotipo_negro_400x100-300x76.png 300w\" sizes=\"(max-width: 396px) 100vw, 396px\" \/>\t\t\t\t\t\t\t\t\t\t\t\t\t\t\t<\/div>\n\t\t\t\t<\/div>\n\t\t\t\t<div class=\"elementor-element elementor-element-2e03681 elementor-widget elementor-widget-heading\" data-id=\"2e03681\" data-element_type=\"widget\" data-e-type=\"widget\" data-widget_type=\"heading.default\">\n\t\t\t\t<div class=\"elementor-widget-container\">\n\t\t\t\t\t<h1 class=\"elementor-heading-title elementor-size-default\">Popup promocional<\/h1>\t\t\t\t<\/div>\n\t\t\t\t<\/div>\n\t\t\t\t<div class=\"elementor-element elementor-element-28d7d94 mtop elementor-widget__width-initial elementor-widget elementor-widget-text-editor\" data-id=\"28d7d94\" data-element_type=\"widget\" data-e-type=\"widget\" data-widget_type=\"text-editor.default\">\n\t\t\t\t<div class=\"elementor-widget-container\">\n\t\t\t\t\t\t\t\t\t<p>Recuerda que si se trata de un <strong>c\u00f3digo promocional<\/strong>, antes tienes que configurarlo en tu <strong>Avirato PMS<\/strong>. Tienes m\u00e1s informaci\u00f3n en <strong>nuestra base de conocimiento:<\/strong><\/p>\t\t\t\t\t\t\t\t<\/div>\n\t\t\t\t<\/div>\n\t\t\t\t<div class=\"elementor-element elementor-element-ca4c24d elementor-align-right elementor-widget elementor-widget-button\" data-id=\"ca4c24d\" data-element_type=\"widget\" data-e-type=\"widget\" data-widget_type=\"button.default\">\n\t\t\t\t<div class=\"elementor-widget-container\">\n\t\t\t\t\t\t\t\t\t<div class=\"elementor-button-wrapper\">\n\t\t\t\t\t<a class=\"elementor-button elementor-button-link elementor-size-sm\" href=\"https:\/\/ayuda.avirato.com\/docs\/manual-de-usuario\/guias\/crear-un-codigo-de-descuento\/\" target=\"_blank\">\n\t\t\t\t\t\t<span class=\"elementor-button-content-wrapper\">\n\t\t\t\t\t\t\t\t\t<span class=\"elementor-button-text\">Crear un c\u00f3digo de descuento<\/span>\n\t\t\t\t\t<\/span>\n\t\t\t\t\t<\/a>\n\t\t\t\t<\/div>\n\t\t\t\t\t\t\t\t<\/div>\n\t\t\t\t<\/div>\n\t\t\t\t\t<\/div>\n\t\t<\/div>\n\t\t\t\t<div class=\"elementor-column elementor-col-33 elementor-inner-column elementor-element elementor-element-8bec2da\" data-id=\"8bec2da\" data-element_type=\"column\" data-e-type=\"column\">\n\t\t\t<div class=\"elementor-widget-wrap elementor-element-populated\">\n\t\t\t\t\t\t<div class=\"elementor-element elementor-element-17612fc elementor-button-align-stretch elementor-widget elementor-widget-form\" data-id=\"17612fc\" data-element_type=\"widget\" data-e-type=\"widget\" id=\"av_formpop\" data-settings=\"{&quot;step_next_label&quot;:&quot;Siguiente&quot;,&quot;step_previous_label&quot;:&quot;Anterior&quot;,&quot;button_width&quot;:&quot;100&quot;,&quot;step_type&quot;:&quot;number_text&quot;,&quot;step_icon_shape&quot;:&quot;circle&quot;}\" data-widget_type=\"form.default\">\n\t\t\t\t<div class=\"elementor-widget-container\">\n\t\t\t\t\t\t\t<form class=\"elementor-form\" method=\"post\" name=\"formpop\" aria-label=\"formpop\">\n\t\t\t<input type=\"hidden\" name=\"post_id\" value=\"1193\"\/>\n\t\t\t<input type=\"hidden\" name=\"form_id\" value=\"17612fc\"\/>\n\t\t\t<input type=\"hidden\" name=\"referer_title\" value=\"Centro Apartments\" \/>\n\n\t\t\t\n\t\t\t<div class=\"elementor-form-fields-wrapper elementor-labels-above\">\n\t\t\t\t\t\t\t\t<div class=\"elementor-field-type-acceptance elementor-field-group elementor-column elementor-field-group-av_activar elementor-col-100\">\n\t\t\t\t\t\t\t\t\t\t\t\t<label for=\"form-field-av_activar\" class=\"elementor-field-label\">\n\t\t\t\t\t\t\t\tActivar\t\t\t\t\t\t\t<\/label>\n\t\t\t\t\t\t\t\t<div class=\"elementor-field-subgroup\">\n\t\t\t<span class=\"elementor-field-option\">\n\t\t\t\t<input type=\"checkbox\" name=\"form_fields[av_activar]\" id=\"form-field-av_activar\" class=\"elementor-field elementor-size-sm  elementor-acceptance-field\">\n\t\t\t\t\t\t\t<\/span>\n\t\t<\/div>\n\t\t\t\t\t\t<\/div>\n\t\t\t\t\t\t\t\t<div class=\"elementor-field-type-html elementor-field-group elementor-column elementor-field-group-field_ca2fc61 elementor-col-100\">\n\t\t\t\t\t<div class=\"av_linediv\"><\/div>\t\t\t\t<\/div>\n\t\t\t\t\t\t\t\t<div class=\"elementor-field-type-text\">\n\t\t\t\t\t<input size=\"1\" type=\"text\" name=\"form_fields[name]\" id=\"form-field-name\" class=\"elementor-field elementor-size-sm \" style=\"display:none !important;\">\t\t\t\t<\/div>\n\t\t\t\t\t\t\t\t<div class=\"elementor-field-type-text elementor-field-group elementor-column elementor-field-group-av_titular elementor-col-100 elementor-field-required\">\n\t\t\t\t\t\t\t\t\t\t\t\t<label for=\"form-field-av_titular\" class=\"elementor-field-label\">\n\t\t\t\t\t\t\t\tTitular\t\t\t\t\t\t\t<\/label>\n\t\t\t\t\t\t\t\t\t\t\t\t\t\t<input size=\"1\" type=\"text\" name=\"form_fields[av_titular]\" id=\"form-field-av_titular\" class=\"elementor-field elementor-size-sm  elementor-field-textual\" required=\"required\">\n\t\t\t\t\t\t\t\t\t\t\t<\/div>\n\t\t\t\t\t\t\t\t<div class=\"elementor-field-type-textarea elementor-field-group elementor-column elementor-field-group-av_descripcion elementor-col-100 elementor-field-required\">\n\t\t\t\t\t\t\t\t\t\t\t\t<label for=\"form-field-av_descripcion\" class=\"elementor-field-label\">\n\t\t\t\t\t\t\t\tDescripci\u00f3n\t\t\t\t\t\t\t<\/label>\n\t\t\t\t\t\t<textarea class=\"elementor-field-textual elementor-field  elementor-size-sm\" name=\"form_fields[av_descripcion]\" id=\"form-field-av_descripcion\" rows=\"4\" required=\"required\"><\/textarea>\t\t\t\t<\/div>\n\t\t\t\t\t\t\t\t<div class=\"elementor-field-type-text elementor-field-group elementor-column elementor-field-group-av_txt_boton elementor-col-100 elementor-field-required\">\n\t\t\t\t\t\t\t\t\t\t\t\t<label for=\"form-field-av_txt_boton\" class=\"elementor-field-label\">\n\t\t\t\t\t\t\t\tTexto del bot\u00f3n\t\t\t\t\t\t\t<\/label>\n\t\t\t\t\t\t\t\t\t\t\t\t\t\t<input size=\"1\" type=\"text\" name=\"form_fields[av_txt_boton]\" id=\"form-field-av_txt_boton\" class=\"elementor-field elementor-size-sm  elementor-field-textual\" required=\"required\">\n\t\t\t\t\t\t\t\t\t\t\t<\/div>\n\t\t\t\t\t\t\t\t<div class=\"elementor-field-type-url elementor-field-group elementor-column elementor-field-group-av_url_boton elementor-col-100\">\n\t\t\t\t\t\t\t\t\t\t\t\t<label for=\"form-field-av_url_boton\" class=\"elementor-field-label\">\n\t\t\t\t\t\t\t\tEnlace del bot\u00f3n\t\t\t\t\t\t\t<\/label>\n\t\t\t\t\t\t\t\t\t\t\t\t\t\t<input size=\"1\" type=\"url\" name=\"form_fields[av_url_boton]\" id=\"form-field-av_url_boton\" class=\"elementor-field elementor-size-sm  elementor-field-textual\">\n\t\t\t\t\t\t\t\t\t\t\t<\/div>\n\t\t\t\t\t\t\t\t<div class=\"elementor-field-type-upload elementor-field-group elementor-column elementor-field-group-av_img_destaca elementor-col-100\">\n\t\t\t\t\t\t\t\t\t\t\t\t<label for=\"form-field-av_img_destaca\" class=\"elementor-field-label\">\n\t\t\t\t\t\t\t\tImagen destacada <p class=\"av_img_form\">(Archivos jpg inferiores a 1Mb)<\/p>\t\t\t\t\t\t\t<\/label>\n\t\t\t\t\t\t\t\t<input type=\"file\" name=\"form_fields[av_img_destaca]\" id=\"form-field-av_img_destaca\" class=\"elementor-field elementor-size-sm  elementor-upload-field\" data-maxsize=\"1\" data-maxsize-message=\"Este archivo excede el tama\u00f1o m\u00e1ximo permitido.\">\n\n\t\t\t\t\t\t<\/div>\n\t\t\t\t\t\t\t\t<div class=\"elementor-field-group elementor-column elementor-field-type-submit elementor-col-100 e-form__buttons\">\n\t\t\t\t\t<button class=\"elementor-button elementor-size-sm\" type=\"submit\">\n\t\t\t\t\t\t<span class=\"elementor-button-content-wrapper\">\n\t\t\t\t\t\t\t\t\t\t\t\t\t\t\t\t\t\t\t\t\t\t<span class=\"elementor-button-text\">Actualizar<\/span>\n\t\t\t\t\t\t\t\t\t\t\t\t\t<\/span>\n\t\t\t\t\t<\/button>\n\t\t\t\t<\/div>\n\t\t\t<\/div>\n\t\t<\/form>\n\t\t\t\t\t\t<\/div>\n\t\t\t\t<\/div>\n\t\t\t\t<div class=\"elementor-element elementor-element-dfd0c1e elementor-widget elementor-widget-html\" data-id=\"dfd0c1e\" data-element_type=\"widget\" data-e-type=\"widget\" data-widget_type=\"html.default\">\n\t\t\t\t<div class=\"elementor-widget-container\">\n\t\t\t\t\t<script>\n    jQuery('<span class=\"checkmark\"><svg xmlns=\"http:\/\/www.w3.org\/2000\/svg\" xmlns:xlink=\"http:\/\/www.w3.org\/1999\/xlink\" id=\"av_svg_onoff\" x=\"0px\" y=\"0px\" viewBox=\"0 0 952.5 952.5\" style=\"enable-background:new 0 0 952.5 952.5;\" xml:space=\"preserve\"><g>\t<path d=\"M162.45,822.5c40.7,40.699,88.2,72.699,141,95.1c54.8,23.201,112.899,34.9,172.8,34.9s118-11.699,172.8-34.9  c52.9-22.4,100.3-54.299,141-95.1c40.7-40.699,72.7-88.199,95.101-141c23.199-54.801,34.899-112.9,34.899-172.801  c0-59.899-11.7-118-34.899-172.799c-22.4-52.9-54.301-100.3-95.101-141c-40.7-40.7-88.2-72.7-141-95.1c-7.5-3.2-15.1-6.1-22.8-8.9  v153.5c23.4,13.3,45.2,29.9,64.8,49.5c57.4,57.4,89,133.7,89,214.799c0,81.102-31.6,157.4-89,214.801  c-57.399,57.4-133.7,89-214.8,89s-157.4-31.6-214.8-89c-57.4-57.4-89-133.699-89-214.801c0-81.099,31.6-157.399,89-214.799  c19.6-19.6,41.399-36.2,64.8-49.5V90.9c-7.6,2.8-15.2,5.7-22.8,8.9c-52.9,22.4-100.3,54.3-141,95.1c-40.7,40.7-72.7,88.2-95.1,141  c-23.2,54.8-34.9,112.9-34.9,172.799c0,59.9,11.7,118,34.9,172.801C89.75,734.301,121.75,781.801,162.45,822.5z\"><\/path>\t<path d=\"M476.25,511.801c38.7,0,70-31.301,70-70V213V70.4V70c0-38.7-31.3-70-70-70s-70,31.3-70,70v0.4V213v228.9  C406.25,480.5,437.55,511.801,476.25,511.801z\"><\/path><\/g><g><\/g><g><\/g><g><\/g><g><\/g><g><\/g><g><\/g><g><\/g><g><\/g><g><\/g><g><\/g><g><\/g><g><\/g><g><\/g><g><\/g><g><\/g><\/svg><\/span>').insertAfter('#form-field-av_activar');\n    jQuery('<div id=\"av_img_div\"><\/div>').insertBefore('#form-field-av_img_destaca');\n\n\n<\/script>\n\n<style>\n\n\n#form-field-av_activar {\nposition: absolute;\nopacity: 0;\ncursor: pointer;\nheight: 30px;\nwidth: 30px;\ntop: 2px;\n}\n\n\n.checkmark {\n    position: absolute;\n    top: 2px;\n    \n    width: 35px;\n    pointer-events: none;\n}\n.checkmark svg {\n    max-width: 140px;\n}\n\n.elementor-field-option:hover #form-field-av_activar ~ .checkmark {\n  background-color: #fff;\n  \n}\n\n\n.elementor-field-option #form-field-av_activar:checked ~ .checkmark {\n  background-color: #fff;\n}\n\n\n.checkmark:after {\n  content: \"\";\n  position: absolute;\n  display: none;\n}\n\n\n#av_svg_onoff {\n    transition: all .2s ease;\n  fill: #ccc;\n}\n.elementor-field-option #form-field-av_activar:checked ~ .checkmark #av_svg_onoff {\n    transition: all .2s ease;\n  fill: #02db3c;\n}\n.elementor-field-option #form-field-av_activar:active ~ .checkmark {\n    transition: all .2s ease;\n    width: 33px;\n    padding-left: 1px;\n    padding-top: 1px;\n}\n\n.elementor-field-option .checkmark:after {\n  left: 9px;\n  top: 5px;\n  width: 5px;\n  height: 10px;\n  border: solid white;\n  border-width: 0 3px 3px 0;\n  -webkit-transform: rotate(45deg);\n  -ms-transform: rotate(45deg);\n  transform: rotate(45deg);\n  \n}\n\n#form-field-av_img_destaca, #av_img_div {\n  padding-left: 18px;\n  padding-right: 18px;\n}\n\n.av_fotodeldiv {\n  width: 30px;\n  position: absolute;\n  top: 52px;\n  left: 28px;\n  cursor:pointer;\n}\n#av_ico_eliminar {\n  fill: #4d4d4d;\n  transition: fill .1s ease;\n}\n.av_fotodeldiv:hover #av_ico_eliminar {\n  fill: red;\n  transition: fill .1s ease;\n}\n\n.av_fotodeldiv:active #av_ico_eliminar {\n    padding: 2px;\n    margin-right: 3px;\n}\n#av_fotodel img {\n  pointer-events: none;\n}\n<\/style>\n\n\n\t\t\t\t<\/div>\n\t\t\t\t<\/div>\n\t\t\t\t\t<\/div>\n\t\t<\/div>\n\t\t\t\t<div class=\"elementor-column elementor-col-33 elementor-inner-column elementor-element elementor-element-fe1e73b\" data-id=\"fe1e73b\" data-element_type=\"column\" data-e-type=\"column\">\n\t\t\t<div class=\"elementor-widget-wrap\">\n\t\t\t\t\t\t\t<\/div>\n\t\t<\/div>\n\t\t\t\t\t<\/div>\n\t\t<\/section>\n\t\t\t\t<div class=\"elementor-element elementor-element-352347c elementor-widget__width-initial elementor-absolute elementor-align-center elementor-widget elementor-widget-lottie\" data-id=\"352347c\" data-element_type=\"widget\" data-e-type=\"widget\" data-settings=\"{&quot;source&quot;:&quot;external_url&quot;,&quot;source_external_url&quot;:{&quot;url&quot;:&quot;https:\\\/\\\/assets8.lottiefiles.com\\\/packages\\\/lf20_cfit8mne.json&quot;,&quot;is_external&quot;:&quot;&quot;,&quot;nofollow&quot;:&quot;&quot;,&quot;custom_attributes&quot;:&quot;&quot;},&quot;loop&quot;:&quot;yes&quot;,&quot;_position&quot;:&quot;absolute&quot;,&quot;link_to&quot;:&quot;none&quot;,&quot;trigger&quot;:&quot;arriving_to_viewport&quot;,&quot;viewport&quot;:{&quot;unit&quot;:&quot;%&quot;,&quot;size&quot;:&quot;&quot;,&quot;sizes&quot;:{&quot;start&quot;:0,&quot;end&quot;:100}},&quot;play_speed&quot;:{&quot;unit&quot;:&quot;px&quot;,&quot;size&quot;:1,&quot;sizes&quot;:[]},&quot;start_point&quot;:{&quot;unit&quot;:&quot;%&quot;,&quot;size&quot;:0,&quot;sizes&quot;:[]},&quot;end_point&quot;:{&quot;unit&quot;:&quot;%&quot;,&quot;size&quot;:100,&quot;sizes&quot;:[]},&quot;renderer&quot;:&quot;svg&quot;}\" data-widget_type=\"lottie.default\">\n\t\t\t\t<div class=\"elementor-widget-container\">\n\t\t\t\t\t<div class=\"e-lottie__container\"><div class=\"e-lottie__animation\"><\/div><\/div>\t\t\t\t<\/div>\n\t\t\t\t<\/div>\n\t\t\t\t\t<\/div>\n\t\t<\/div>\n\t\t\t\t\t<\/div>\n\t\t<\/section>\n\t\t\t\t<\/div>\n\t\t","protected":false},"excerpt":{"rendered":"<p>Popup promocional Recuerda que si se trata de un c\u00f3digo promocional, antes tienes que configurarlo en tu Avirato PMS. Tienes m\u00e1s informaci\u00f3n en nuestra base de conocimiento: Crear un c\u00f3digo de descuento<\/p>\n","protected":false},"author":1,"featured_media":0,"parent":0,"menu_order":0,"comment_status":"closed","ping_status":"closed","template":"elementor_canvas","meta":{"_acf_changed":false,"footnotes":""},"class_list":["post-1193","page","type-page","status-publish","hentry"],"acf":[],"yoast_head":"<!-- This site is optimized with the Yoast SEO plugin v27.5 - https:\/\/yoast.com\/product\/yoast-seo-wordpress\/ -->\n<title>Popup web - Centro Apartments<\/title>\n<meta name=\"robots\" content=\"index, follow, max-snippet:-1, max-image-preview:large, max-video-preview:-1\" \/>\n<link rel=\"canonical\" href=\"https:\/\/apartamentos-centro.com\/en\/popup-web\/\" \/>\n<meta property=\"og:locale\" content=\"es_ES\" \/>\n<meta property=\"og:type\" content=\"article\" \/>\n<meta property=\"og:title\" content=\"Popup web - Centro Apartments\" \/>\n<meta property=\"og:description\" content=\"Popup promocional Recuerda que si se trata de un c\u00f3digo promocional, antes tienes que configurarlo en tu Avirato PMS. Tienes m\u00e1s informaci\u00f3n en nuestra base de conocimiento: Crear un c\u00f3digo de descuento\" \/>\n<meta property=\"og:url\" content=\"https:\/\/apartamentos-centro.com\/en\/popup-web\/\" \/>\n<meta property=\"og:site_name\" content=\"Centro Apartments\" \/>\n<meta property=\"article:modified_time\" content=\"2022-02-15T14:39:28+00:00\" \/>\n<meta property=\"og:image\" content=\"https:\/\/apartamentos-centro.com\/wp-content\/uploads\/sites\/2\/Avirato_logotipo_negro_400x100.png\" \/>\n<meta name=\"twitter:card\" content=\"summary_large_image\" \/>\n<script type=\"application\/ld+json\" class=\"yoast-schema-graph\">{\"@context\":\"https:\\\/\\\/schema.org\",\"@graph\":[{\"@type\":\"WebPage\",\"@id\":\"https:\\\/\\\/apartamentos-centro.com\\\/en\\\/popup-web\\\/\",\"url\":\"https:\\\/\\\/apartamentos-centro.com\\\/en\\\/popup-web\\\/\",\"name\":\"Popup web - Centro Apartments\",\"isPartOf\":{\"@id\":\"https:\\\/\\\/apartamentos-centro.com\\\/en\\\/#website\"},\"primaryImageOfPage\":{\"@id\":\"https:\\\/\\\/apartamentos-centro.com\\\/en\\\/popup-web\\\/#primaryimage\"},\"image\":{\"@id\":\"https:\\\/\\\/apartamentos-centro.com\\\/en\\\/popup-web\\\/#primaryimage\"},\"thumbnailUrl\":\"https:\\\/\\\/apartamentos-centro.com\\\/wp-content\\\/uploads\\\/sites\\\/2\\\/Avirato_logotipo_negro_400x100.png\",\"datePublished\":\"2022-02-10T11:46:55+00:00\",\"dateModified\":\"2022-02-15T14:39:28+00:00\",\"breadcrumb\":{\"@id\":\"https:\\\/\\\/apartamentos-centro.com\\\/en\\\/popup-web\\\/#breadcrumb\"},\"inLanguage\":\"es\",\"potentialAction\":[{\"@type\":\"ReadAction\",\"target\":[\"https:\\\/\\\/apartamentos-centro.com\\\/en\\\/popup-web\\\/\"]}]},{\"@type\":\"ImageObject\",\"inLanguage\":\"es\",\"@id\":\"https:\\\/\\\/apartamentos-centro.com\\\/en\\\/popup-web\\\/#primaryimage\",\"url\":\"https:\\\/\\\/apartamentos-centro.com\\\/wp-content\\\/uploads\\\/sites\\\/2\\\/Avirato_logotipo_negro_400x100.png\",\"contentUrl\":\"https:\\\/\\\/apartamentos-centro.com\\\/wp-content\\\/uploads\\\/sites\\\/2\\\/Avirato_logotipo_negro_400x100.png\"},{\"@type\":\"BreadcrumbList\",\"@id\":\"https:\\\/\\\/apartamentos-centro.com\\\/en\\\/popup-web\\\/#breadcrumb\",\"itemListElement\":[{\"@type\":\"ListItem\",\"position\":1,\"name\":\"Portada\",\"item\":\"https:\\\/\\\/apartamentos-centro.com\\\/en\\\/\"},{\"@type\":\"ListItem\",\"position\":2,\"name\":\"Popup web\"}]},{\"@type\":\"WebSite\",\"@id\":\"https:\\\/\\\/apartamentos-centro.com\\\/en\\\/#website\",\"url\":\"https:\\\/\\\/apartamentos-centro.com\\\/en\\\/\",\"name\":\"Centro Apartments\",\"description\":\"en el coraz\u00f3n de Madrid\",\"publisher\":{\"@id\":\"https:\\\/\\\/apartamentos-centro.com\\\/en\\\/#organization\"},\"potentialAction\":[{\"@type\":\"SearchAction\",\"target\":{\"@type\":\"EntryPoint\",\"urlTemplate\":\"https:\\\/\\\/apartamentos-centro.com\\\/en\\\/?s={search_term_string}\"},\"query-input\":{\"@type\":\"PropertyValueSpecification\",\"valueRequired\":true,\"valueName\":\"search_term_string\"}}],\"inLanguage\":\"es\"},{\"@type\":\"Organization\",\"@id\":\"https:\\\/\\\/apartamentos-centro.com\\\/en\\\/#organization\",\"name\":\"Centro Apartments\",\"url\":\"https:\\\/\\\/apartamentos-centro.com\\\/en\\\/\",\"logo\":{\"@type\":\"ImageObject\",\"inLanguage\":\"es\",\"@id\":\"https:\\\/\\\/apartamentos-centro.com\\\/en\\\/#\\\/schema\\\/logo\\\/image\\\/\",\"url\":\"https:\\\/\\\/apartamentos-centro.com\\\/en\\\/wp-content\\\/uploads\\\/sites\\\/2\\\/Logo-Apartamentos-Centro.webp\",\"contentUrl\":\"https:\\\/\\\/apartamentos-centro.com\\\/en\\\/wp-content\\\/uploads\\\/sites\\\/2\\\/Logo-Apartamentos-Centro.webp\",\"width\":250,\"height\":168,\"caption\":\"Centro Apartments\"},\"image\":{\"@id\":\"https:\\\/\\\/apartamentos-centro.com\\\/en\\\/#\\\/schema\\\/logo\\\/image\\\/\"}}]}<\/script>\n<!-- \/ Yoast SEO plugin. -->","yoast_head_json":{"title":"Popup web - Centro Apartments","robots":{"index":"index","follow":"follow","max-snippet":"max-snippet:-1","max-image-preview":"max-image-preview:large","max-video-preview":"max-video-preview:-1"},"canonical":"https:\/\/apartamentos-centro.com\/en\/popup-web\/","og_locale":"es_ES","og_type":"article","og_title":"Popup web - Centro Apartments","og_description":"Popup promocional Recuerda que si se trata de un c\u00f3digo promocional, antes tienes que configurarlo en tu Avirato PMS. Tienes m\u00e1s informaci\u00f3n en nuestra base de conocimiento: Crear un c\u00f3digo de descuento","og_url":"https:\/\/apartamentos-centro.com\/en\/popup-web\/","og_site_name":"Centro Apartments","article_modified_time":"2022-02-15T14:39:28+00:00","og_image":[{"url":"https:\/\/apartamentos-centro.com\/wp-content\/uploads\/sites\/2\/Avirato_logotipo_negro_400x100.png","type":"","width":"","height":""}],"twitter_card":"summary_large_image","schema":{"@context":"https:\/\/schema.org","@graph":[{"@type":"WebPage","@id":"https:\/\/apartamentos-centro.com\/en\/popup-web\/","url":"https:\/\/apartamentos-centro.com\/en\/popup-web\/","name":"Popup web - Centro Apartments","isPartOf":{"@id":"https:\/\/apartamentos-centro.com\/en\/#website"},"primaryImageOfPage":{"@id":"https:\/\/apartamentos-centro.com\/en\/popup-web\/#primaryimage"},"image":{"@id":"https:\/\/apartamentos-centro.com\/en\/popup-web\/#primaryimage"},"thumbnailUrl":"https:\/\/apartamentos-centro.com\/wp-content\/uploads\/sites\/2\/Avirato_logotipo_negro_400x100.png","datePublished":"2022-02-10T11:46:55+00:00","dateModified":"2022-02-15T14:39:28+00:00","breadcrumb":{"@id":"https:\/\/apartamentos-centro.com\/en\/popup-web\/#breadcrumb"},"inLanguage":"es","potentialAction":[{"@type":"ReadAction","target":["https:\/\/apartamentos-centro.com\/en\/popup-web\/"]}]},{"@type":"ImageObject","inLanguage":"es","@id":"https:\/\/apartamentos-centro.com\/en\/popup-web\/#primaryimage","url":"https:\/\/apartamentos-centro.com\/wp-content\/uploads\/sites\/2\/Avirato_logotipo_negro_400x100.png","contentUrl":"https:\/\/apartamentos-centro.com\/wp-content\/uploads\/sites\/2\/Avirato_logotipo_negro_400x100.png"},{"@type":"BreadcrumbList","@id":"https:\/\/apartamentos-centro.com\/en\/popup-web\/#breadcrumb","itemListElement":[{"@type":"ListItem","position":1,"name":"Portada","item":"https:\/\/apartamentos-centro.com\/en\/"},{"@type":"ListItem","position":2,"name":"Popup web"}]},{"@type":"WebSite","@id":"https:\/\/apartamentos-centro.com\/en\/#website","url":"https:\/\/apartamentos-centro.com\/en\/","name":"Centro Apartments","description":"en el coraz\u00f3n de Madrid","publisher":{"@id":"https:\/\/apartamentos-centro.com\/en\/#organization"},"potentialAction":[{"@type":"SearchAction","target":{"@type":"EntryPoint","urlTemplate":"https:\/\/apartamentos-centro.com\/en\/?s={search_term_string}"},"query-input":{"@type":"PropertyValueSpecification","valueRequired":true,"valueName":"search_term_string"}}],"inLanguage":"es"},{"@type":"Organization","@id":"https:\/\/apartamentos-centro.com\/en\/#organization","name":"Centro Apartments","url":"https:\/\/apartamentos-centro.com\/en\/","logo":{"@type":"ImageObject","inLanguage":"es","@id":"https:\/\/apartamentos-centro.com\/en\/#\/schema\/logo\/image\/","url":"https:\/\/apartamentos-centro.com\/en\/wp-content\/uploads\/sites\/2\/Logo-Apartamentos-Centro.webp","contentUrl":"https:\/\/apartamentos-centro.com\/en\/wp-content\/uploads\/sites\/2\/Logo-Apartamentos-Centro.webp","width":250,"height":168,"caption":"Centro Apartments"},"image":{"@id":"https:\/\/apartamentos-centro.com\/en\/#\/schema\/logo\/image\/"}}]}},"_links":{"self":[{"href":"https:\/\/apartamentos-centro.com\/en\/wp-json\/wp\/v2\/pages\/1193","targetHints":{"allow":["GET"]}}],"collection":[{"href":"https:\/\/apartamentos-centro.com\/en\/wp-json\/wp\/v2\/pages"}],"about":[{"href":"https:\/\/apartamentos-centro.com\/en\/wp-json\/wp\/v2\/types\/page"}],"author":[{"embeddable":true,"href":"https:\/\/apartamentos-centro.com\/en\/wp-json\/wp\/v2\/users\/1"}],"replies":[{"embeddable":true,"href":"https:\/\/apartamentos-centro.com\/en\/wp-json\/wp\/v2\/comments?post=1193"}],"version-history":[{"count":419,"href":"https:\/\/apartamentos-centro.com\/en\/wp-json\/wp\/v2\/pages\/1193\/revisions"}],"predecessor-version":[{"id":1645,"href":"https:\/\/apartamentos-centro.com\/en\/wp-json\/wp\/v2\/pages\/1193\/revisions\/1645"}],"wp:attachment":[{"href":"https:\/\/apartamentos-centro.com\/en\/wp-json\/wp\/v2\/media?parent=1193"}],"curies":[{"name":"wp","href":"https:\/\/api.w.org\/{rel}","templated":true}]}}